{"id":371,"date":"2023-09-11T15:51:36","date_gmt":"2023-09-11T13:51:36","guid":{"rendered":"https:\/\/organza-care.be\/?page_id=371"},"modified":"2024-07-10T15:00:05","modified_gmt":"2024-07-10T13:00:05","slug":"thuisverpleging-in-vilvoorde-en-machelen","status":"publish","type":"page","link":"https:\/\/organza-care.be\/fr\/thuisverpleging-in-vilvoorde-en-machelen\/","title":{"rendered":"Nos soins"},"content":{"rendered":"<div data-elementor-type=\"wp-page\" data-elementor-id=\"371\" class=\"elementor elementor-371\" data-elementor-post-type=\"page\">\n\t\t\t\t<div class=\"elementor-element elementor-element-537e571 e-flex e-con-boxed e-con e-parent\" data-id=\"537e571\" data-element_type=\"container\" data-e-type=\"container\">\n\t\t\t\t\t<div class=\"e-con-inner\">\n\t\t\t\t<div class=\"elementor-element elementor-element-3020a0a elementor-widget elementor-widget-heading\" data-id=\"3020a0a\" data-element_type=\"widget\" data-e-type=\"widget\" data-widget_type=\"heading.default\">\n\t\t\t\t<div class=\"elementor-widget-container\">\n\t\t\t\t\t<h2 class=\"elementor-heading-title elementor-size-default\">Ariane Verzwalm - Soins \u00e0 domicile de qualit\u00e9 \u00e0 Vilvorde et Machelen<\/h2>\t\t\t\t<\/div>\n\t\t\t\t<\/div>\n\t\t\t\t<div class=\"elementor-element elementor-element-39d688b elementor-widget elementor-widget-heading\" data-id=\"39d688b\" data-element_type=\"widget\" data-e-type=\"widget\" data-widget_type=\"heading.default\">\n\t\t\t\t<div class=\"elementor-widget-container\">\n\t\t\t\t\t<h3 class=\"elementor-heading-title elementor-size-default\">Vous m\u00e9ritez les meilleurs soins<\/h3>\t\t\t\t<\/div>\n\t\t\t\t<\/div>\n\t\t\t\t<div class=\"elementor-element elementor-element-fa897fe elementor-widget elementor-widget-text-editor\" data-id=\"fa897fe\" data-element_type=\"widget\" data-e-type=\"widget\" data-widget_type=\"text-editor.default\">\n\t\t\t\t<div class=\"elementor-widget-container\">\n\t\t\t\t\t\t\t\t\t<p>Chez Ariane Verzwalm, votre bien-\u00eatre est au centre de nos pr\u00e9occupations gr\u00e2ce \u00e0 des soins infirmiers \u00e0 domicile sp\u00e9cialis\u00e9s et exp\u00e9riment\u00e9s. Qu'il s'agisse d'un besoin de soins ponctuels ou d'un soutien \u00e0 long terme, nous sommes l\u00e0 pour tous les patients qui ont besoin de soins professionnels \u00e0 domicile. De plus, Ariane Verzwalm est assur\u00e9e de mani\u00e8re conventionnelle, ce qui signifie que vous b\u00e9n\u00e9ficiez du remboursement n\u00e9cessaire par le biais de votre mutuelle.<\/p><p>Notre offre compl\u00e8te comprend divers services de soins \u00e0 domicile, notamment l'assistance \u00e0 l'hospitalisation \u00e0 domicile, la th\u00e9rapie par perfusion, le soin des plaies, les soins postop\u00e9ratoires, et bien d'autres encore. Ces services sont mis en place pour faciliter les transitions rapides entre l'h\u00f4pital et le domicile. Nous offrons ainsi une alternative abordable au co\u00fbt \u00e9lev\u00e9 des maisons de repos. Dans la vie tr\u00e9pidante d'aujourd'hui, nous essayons de pr\u00e9server la tranquillit\u00e9 et de prendre soin de vous.<\/p><p>Avez-vous des besoins suppl\u00e9mentaires qui s'ajoutent aux soins infirmiers \u00e0 domicile traditionnels ? Nous vous offrons la possibilit\u00e9 de rester chez vous au lieu d'aller dans une maison de r\u00e9adaptation ou de retraite. Nous organisons ainsi des soins informels et familiaux sur mesure et, gr\u00e2ce \u00e0 notre talent d'organisateur, nous nous chargeons \u00e9galement de vos t\u00e2ches administratives, telles que la demande de budgets de soins.<\/p><p>Chez Ariane Verzwalm, ce n'est pas le nombre de patients qui compte, mais les soins les mieux adapt\u00e9s. Que vous vous remettiez d'une intervention chirurgicale ou que vous soyez atteint d'une maladie pulmonaire ou chronique, notre approche va au-del\u00e0 des soins traditionnels. Contactez-nous par t\u00e9l\u00e9phone pour discuter de vos besoins afin que nous puissions nous rencontrer et vous apporter les soins dont vous avez besoin \u00e0 votre domicile. Votre bien-\u00eatre, notre priorit\u00e9 !<\/p>\t\t\t\t\t\t\t\t<\/div>\n\t\t\t\t<\/div>\n\t\t\t\t<div class=\"elementor-element elementor-element-de76543 elementor-widget elementor-widget-button\" data-id=\"de76543\" data-element_type=\"widget\" data-e-type=\"widget\" data-widget_type=\"button.default\">\n\t\t\t\t<div class=\"elementor-widget-container\">\n\t\t\t\t\t\t\t\t\t<div class=\"elementor-button-wrapper\">\n\t\t\t\t\t<a class=\"elementor-button elementor-button-link elementor-size-sm elementor-animation-shrink\" href=\"https:\/\/organza-care.be\/fr\/contact\/\">\n\t\t\t\t\t\t<span class=\"elementor-button-content-wrapper\">\n\t\t\t\t\t\t\t\t\t<span class=\"elementor-button-text\">Nous contacter par t\u00e9l\u00e9phone &gt;&gt;<\/span>\n\t\t\t\t\t<\/span>\n\t\t\t\t\t<\/a>\n\t\t\t\t<\/div>\n\t\t\t\t\t\t\t\t<\/div>\n\t\t\t\t<\/div>\n\t\t\t\t\t<\/div>\n\t\t\t\t<\/div>\n\t\t<div class=\"elementor-element elementor-element-5513be9 e-con-full e-flex e-con e-parent\" data-id=\"5513be9\" data-element_type=\"container\" data-e-type=\"container\" data-settings=\"{&quot;background_background&quot;:&quot;classic&quot;}\">\n\t\t\t\t<div class=\"elementor-element elementor-element-1df9426 elementor-widget elementor-widget-button\" data-id=\"1df9426\" data-element_type=\"widget\" data-e-type=\"widget\" data-widget_type=\"button.default\">\n\t\t\t\t<div class=\"elementor-widget-container\">\n\t\t\t\t\t\t\t\t\t<div class=\"elementor-button-wrapper\">\n\t\t\t\t\t<a class=\"elementor-button elementor-button-link elementor-size-sm elementor-animation-shrink\" href=\"https:\/\/organza-care.be\/fr\/contact\/\">\n\t\t\t\t\t\t<span class=\"elementor-button-content-wrapper\">\n\t\t\t\t\t\t\t\t\t<span class=\"elementor-button-text\">Prise de rendez-vous<\/span>\n\t\t\t\t\t<\/span>\n\t\t\t\t\t<\/a>\n\t\t\t\t<\/div>\n\t\t\t\t\t\t\t\t<\/div>\n\t\t\t\t<\/div>\n\t\t\t\t<\/div>\n\t\t\t\t<\/div>","protected":false},"excerpt":{"rendered":"<p>Ariane Verzwalm \u2013 Kwalitatieve Thuisverpleging in Vilvoorde en Machelen U verdient de beste zorg Bij Ariane Verzwalm staat uw welzijn centraal met gespecialiseerde en ervaren thuisverpleging. Of het nu gaat om een eenmalige zorgbehoefte of langdurige ondersteuning, wij zijn er voor alle pati\u00ebnten die nood hebben aan professionele thuiszorg. Bovendien is Ariane Verzwalm geconventioneerd waardoor [&hellip;]<\/p>\n","protected":false},"author":1,"featured_media":0,"parent":0,"menu_order":0,"comment_status":"closed","ping_status":"closed","template":"elementor_header_footer","meta":{"footnotes":""},"class_list":["post-371","page","type-page","status-publish","hentry"],"_links":{"self":[{"href":"https:\/\/organza-care.be\/fr\/wp-json\/wp\/v2\/pages\/371","targetHints":{"allow":["GET"]}}],"collection":[{"href":"https:\/\/organza-care.be\/fr\/wp-json\/wp\/v2\/pages"}],"about":[{"href":"https:\/\/organza-care.be\/fr\/wp-json\/wp\/v2\/types\/page"}],"author":[{"embeddable":true,"href":"https:\/\/organza-care.be\/fr\/wp-json\/wp\/v2\/users\/1"}],"replies":[{"embeddable":true,"href":"https:\/\/organza-care.be\/fr\/wp-json\/wp\/v2\/comments?post=371"}],"version-history":[{"count":25,"href":"https:\/\/organza-care.be\/fr\/wp-json\/wp\/v2\/pages\/371\/revisions"}],"predecessor-version":[{"id":520,"href":"https:\/\/organza-care.be\/fr\/wp-json\/wp\/v2\/pages\/371\/revisions\/520"}],"wp:attachment":[{"href":"https:\/\/organza-care.be\/fr\/wp-json\/wp\/v2\/media?parent=371"}],"curies":[{"name":"wp","href":"https:\/\/api.w.org\/{rel}","templated":true}]}}