{"id":254,"date":"2023-08-30T12:09:19","date_gmt":"2023-08-30T10:09:19","guid":{"rendered":"https:\/\/organza-care.be\/?page_id=254"},"modified":"2024-07-10T14:58:41","modified_gmt":"2024-07-10T12:58:41","slug":"over-ons","status":"publish","type":"page","link":"https:\/\/organza-care.be\/fr\/over-ons\/","title":{"rendered":"Notre approche"},"content":{"rendered":"<div data-elementor-type=\"wp-page\" data-elementor-id=\"254\" class=\"elementor elementor-254\" data-elementor-post-type=\"page\">\n\t\t\t\t<div class=\"elementor-element elementor-element-56d2a02 e-flex e-con-boxed e-con e-parent\" data-id=\"56d2a02\" data-element_type=\"container\" data-e-type=\"container\">\n\t\t\t\t\t<div class=\"e-con-inner\">\n\t\t\t\t<div class=\"elementor-element elementor-element-65f76da elementor-widget elementor-widget-heading\" data-id=\"65f76da\" data-element_type=\"widget\" data-e-type=\"widget\" data-widget_type=\"heading.default\">\n\t\t\t\t<div class=\"elementor-widget-container\">\n\t\t\t\t\t<h2 class=\"elementor-heading-title elementor-size-default\">Soigner avec passion et engagement<\/h2>\t\t\t\t<\/div>\n\t\t\t\t<\/div>\n\t\t\t\t<div class=\"elementor-element elementor-element-0b01267 elementor-widget elementor-widget-heading\" data-id=\"0b01267\" data-element_type=\"widget\" data-e-type=\"widget\" data-widget_type=\"heading.default\">\n\t\t\t\t<div class=\"elementor-widget-container\">\n\t\t\t\t\t<h3 class=\"elementor-heading-title elementor-size-default\">Une approche humaine des soins \u00e0 domicile<\/h3>\t\t\t\t<\/div>\n\t\t\t\t<\/div>\n\t\t\t\t<div class=\"elementor-element elementor-element-6dedac0 elementor-widget elementor-widget-text-editor\" data-id=\"6dedac0\" data-element_type=\"widget\" data-e-type=\"widget\" data-widget_type=\"text-editor.default\">\n\t\t\t\t<div class=\"elementor-widget-container\">\n\t\t\t\t\t\t\t\t\t<p>Bienvenue chez Ariane Verzwalm, o\u00f9 les soins vont au-del\u00e0 de l'assistance m\u00e9dicale. Ariane Verzwalm, infirmi\u00e8re avec plus de 40 ans d'exp\u00e9rience, est le c\u0153ur battant de notre organisation. En 2009, elle a d\u00e9cid\u00e9 de concr\u00e9tiser sa passion pour les soins \u00e0 domicile. C'est ainsi qu'elle fournit depuis des ann\u00e9es des soins \u00e0 domicile de haute qualit\u00e9 \u00e0 Vilvorde et \u00e0 Machelen.<\/p><p>Sa mission est claire : offrir plus qu'une simple aide professionnelle. En tant qu'infirmi\u00e8re ind\u00e9pendante, Ariane offre une exp\u00e9rience de soins humains avec une touche personnelle. Elle est une experte qui comprend vraiment vos besoins !<\/p><p>Vous souhaitez en savoir plus sur Ariane Verzwalm et nos services ? La porte est ouverte pour un entretien personnel. N'h\u00e9sitez pas \u00e0 nous contacter ou \u00e0 prendre rendez-vous pour demander vos soins \u00e0 domicile \u00e0 Vilvorde et Machelen.<\/p>\t\t\t\t\t\t\t\t<\/div>\n\t\t\t\t<\/div>\n\t\t\t\t<div class=\"elementor-element elementor-element-2de1289 elementor-mobile-align-center elementor-widget elementor-widget-button\" data-id=\"2de1289\" data-element_type=\"widget\" data-e-type=\"widget\" data-widget_type=\"button.default\">\n\t\t\t\t<div class=\"elementor-widget-container\">\n\t\t\t\t\t\t\t\t\t<div class=\"elementor-button-wrapper\">\n\t\t\t\t\t<a class=\"elementor-button elementor-button-link elementor-size-sm elementor-animation-shrink\" href=\"https:\/\/organza-care.be\/fr\/contact\/\">\n\t\t\t\t\t\t<span class=\"elementor-button-content-wrapper\">\n\t\t\t\t\t\t\t\t\t<span class=\"elementor-button-text\">Prendre contact &gt;&gt;<\/span>\n\t\t\t\t\t<\/span>\n\t\t\t\t\t<\/a>\n\t\t\t\t<\/div>\n\t\t\t\t\t\t\t\t<\/div>\n\t\t\t\t<\/div>\n\t\t\t\t\t<\/div>\n\t\t\t\t<\/div>\n\t\t<div class=\"elementor-element elementor-element-b37827e e-con-full e-flex e-con e-parent\" data-id=\"b37827e\" data-element_type=\"container\" data-e-type=\"container\" data-settings=\"{&quot;background_background&quot;:&quot;classic&quot;}\">\n\t\t\t\t<div class=\"elementor-element elementor-element-aa8fa0d elementor-widget elementor-widget-button\" data-id=\"aa8fa0d\" data-element_type=\"widget\" data-e-type=\"widget\" data-widget_type=\"button.default\">\n\t\t\t\t<div class=\"elementor-widget-container\">\n\t\t\t\t\t\t\t\t\t<div class=\"elementor-button-wrapper\">\n\t\t\t\t\t<a class=\"elementor-button elementor-button-link elementor-size-sm elementor-animation-shrink\" href=\"https:\/\/organza-care.be\/fr\/contact\/\">\n\t\t\t\t\t\t<span class=\"elementor-button-content-wrapper\">\n\t\t\t\t\t\t\t\t\t<span class=\"elementor-button-text\">Prise de rendez-vous<\/span>\n\t\t\t\t\t<\/span>\n\t\t\t\t\t<\/a>\n\t\t\t\t<\/div>\n\t\t\t\t\t\t\t\t<\/div>\n\t\t\t\t<\/div>\n\t\t\t\t<\/div>\n\t\t\t\t<\/div>","protected":false},"excerpt":{"rendered":"<p>Zorg met passie en toewijding Een menselijke aanpak in thuisverpleging voor uw welzijn Welkom bij Ariane Verzwalm, waar zorg verder gaat dan enkel medische assistentie. Ariane Verzwalm, verpleegkundige met meer dan 40 jaar ervaring, is het kloppend hart achter onze organisatie. In 2009 besloot ze haar passie voor thuisverpleging om te zetten in realiteit, en [&hellip;]<\/p>\n","protected":false},"author":1,"featured_media":0,"parent":0,"menu_order":0,"comment_status":"closed","ping_status":"closed","template":"","meta":{"footnotes":""},"class_list":["post-254","page","type-page","status-publish","hentry"],"_links":{"self":[{"href":"https:\/\/organza-care.be\/fr\/wp-json\/wp\/v2\/pages\/254","targetHints":{"allow":["GET"]}}],"collection":[{"href":"https:\/\/organza-care.be\/fr\/wp-json\/wp\/v2\/pages"}],"about":[{"href":"https:\/\/organza-care.be\/fr\/wp-json\/wp\/v2\/types\/page"}],"author":[{"embeddable":true,"href":"https:\/\/organza-care.be\/fr\/wp-json\/wp\/v2\/users\/1"}],"replies":[{"embeddable":true,"href":"https:\/\/organza-care.be\/fr\/wp-json\/wp\/v2\/comments?post=254"}],"version-history":[{"count":22,"href":"https:\/\/organza-care.be\/fr\/wp-json\/wp\/v2\/pages\/254\/revisions"}],"predecessor-version":[{"id":523,"href":"https:\/\/organza-care.be\/fr\/wp-json\/wp\/v2\/pages\/254\/revisions\/523"}],"wp:attachment":[{"href":"https:\/\/organza-care.be\/fr\/wp-json\/wp\/v2\/media?parent=254"}],"curies":[{"name":"wp","href":"https:\/\/api.w.org\/{rel}","templated":true}]}}